{"id":78,"date":"2017-10-14T21:21:41","date_gmt":"2017-10-14T19:21:41","guid":{"rendered":"http:\/\/survey.isis.tuwien.ac.at\/start_informatik\/?page_id=78"},"modified":"2018-01-22T14:32:51","modified_gmt":"2018-01-22T12:32:51","slug":"didaktische-masnahmen","status":"publish","type":"page","link":"https:\/\/projects.ifs.tuwien.ac.at\/start-informatik\/index.php\/projekt\/didaktische-masnahmen\/","title":{"rendered":"Empfehlungen f\u00fcr die Lehre"},"content":{"rendered":"<p>Ein wesentlicher Bestandteil des Projektes ist die Beschreibung von Empfehlungen f\u00fcr die Lehre im ersten Studienjahr Informatik mit einem besonderen Augenmerk auf die Lehrveranstaltungen mit einer gro\u00dfen H\u00f6rerzahl.<\/p>\n<p><span style=\"font-size: 1rem;\">Dazu setzen wir einen Schwerpunkt auf die Evaluierung der Qualit\u00e4t der Lehre im ersten Studienjahr mit Fokus Fachdidaktik und Gender &amp; Diversity und der\u00a0<\/span><span style=\"font-weight: 400;\">Analyse von Erwartungen und Erfahrungen von Studierenden.<\/span><\/p>\n<p><span style=\"font-weight: 400;\">Daneben erheben wir<\/span><span style=\"font-size: 1rem;\">, welche allgemeinen didaktischen Prinzipien die Fakult\u00e4t f\u00fcr Informatik verfolgt und ermitteln die\u00a0<\/span><span style=\"font-weight: 400;\">\u201cBest Practices\u201d unserer Lehre und im internationalen Umfeld.<\/span><\/p>\n<p><span style=\"font-weight: 400;\">Auf dieser Basis werden wir Vorschl\u00e4ge f\u00fcr Ma\u00dfnahmen entwickeln und zur Verf\u00fcgung stellen. Dazu werden\u00a0<\/span><span style=\"font-weight: 400;\">Ma\u00dfnahmen f\u00fcr eine qualit\u00e4tsvolle und gendersensible Gestaltung der Lehre im ersten Studienjahr Informatik und Wirtschaftsinformatik geh\u00f6ren, wovon ausgew\u00e4hlte Teile davon im Zuge des Projekts bereits umgesetzt werden.<\/span><\/p>\n<p><span style=\"font-weight: 400;\">Daneben entwickeln wir eine Formulierung einer didaktischen Ausrichtung, die auf alle Lehrveranstaltungen im 1. Jahr anwendbar ist und mitgetragen werden kann in Form von Lehr-Patterns, welche wir kollaborativ mit Lehrenden bearbeiten.<\/span><\/p>\n","protected":false},"excerpt":{"rendered":"<p>Ein wesentlicher Bestandteil des Projektes ist die Beschreibung von Empfehlungen f\u00fcr die Lehre im ersten Studienjahr Informatik mit einem besonderen Augenmerk auf die Lehrveranstaltungen mit einer gro\u00dfen H\u00f6rerzahl. Dazu setzen wir einen Schwerpunkt auf die Evaluierung der Qualit\u00e4t der Lehre im ersten Studienjahr mit Fokus Fachdidaktik und Gender &amp; Diversity und der\u00a0Analyse von Erwartungen und &hellip; <\/p>\n<p class=\"link-more\"><a href=\"https:\/\/projects.ifs.tuwien.ac.at\/start-informatik\/index.php\/projekt\/didaktische-masnahmen\/\" class=\"more-link\">Continue reading<span class=\"screen-reader-text\"> &#8220;Empfehlungen f\u00fcr die Lehre&#8221;<\/span><\/a><\/p>\n","protected":false},"author":1,"featured_media":0,"parent":10,"menu_order":0,"comment_status":"closed","ping_status":"closed","template":"","meta":{"footnotes":""},"class_list":["post-78","page","type-page","status-publish","hentry"],"_links":{"self":[{"href":"https:\/\/projects.ifs.tuwien.ac.at\/start-informatik\/index.php\/wp-json\/wp\/v2\/pages\/78","targetHints":{"allow":["GET"]}}],"collection":[{"href":"https:\/\/projects.ifs.tuwien.ac.at\/start-informatik\/index.php\/wp-json\/wp\/v2\/pages"}],"about":[{"href":"https:\/\/projects.ifs.tuwien.ac.at\/start-informatik\/index.php\/wp-json\/wp\/v2\/types\/page"}],"author":[{"embeddable":true,"href":"https:\/\/projects.ifs.tuwien.ac.at\/start-informatik\/index.php\/wp-json\/wp\/v2\/users\/1"}],"replies":[{"embeddable":true,"href":"https:\/\/projects.ifs.tuwien.ac.at\/start-informatik\/index.php\/wp-json\/wp\/v2\/comments?post=78"}],"version-history":[{"count":4,"href":"https:\/\/projects.ifs.tuwien.ac.at\/start-informatik\/index.php\/wp-json\/wp\/v2\/pages\/78\/revisions"}],"predecessor-version":[{"id":151,"href":"https:\/\/projects.ifs.tuwien.ac.at\/start-informatik\/index.php\/wp-json\/wp\/v2\/pages\/78\/revisions\/151"}],"up":[{"embeddable":true,"href":"https:\/\/projects.ifs.tuwien.ac.at\/start-informatik\/index.php\/wp-json\/wp\/v2\/pages\/10"}],"wp:attachment":[{"href":"https:\/\/projects.ifs.tuwien.ac.at\/start-informatik\/index.php\/wp-json\/wp\/v2\/media?parent=78"}],"curies":[{"name":"wp","href":"https:\/\/api.w.org\/{rel}","templated":true}]}}