{"id":68,"date":"2017-12-18T18:09:36","date_gmt":"2017-12-18T16:09:36","guid":{"rendered":"http:\/\/survey.isis.tuwien.ac.at\/start_informatik\/?page_id=68"},"modified":"2022-02-21T22:36:16","modified_gmt":"2022-02-21T21:36:16","slug":"team","status":"publish","type":"page","link":"https:\/\/projects.ifs.tuwien.ac.at\/start-informatik\/index.php\/team\/","title":{"rendered":"Team"},"content":{"rendered":"<h1>Projektleitung<\/h1>\n<table class=\" aligncenter\">\n<tbody>\n<tr>\n<td><img loading=\"lazy\" decoding=\"async\" class=\"alignnone size-thumbnail wp-image-237\" src=\"http:\/\/start.informatik.tuwien.ac.at\/wp-content\/uploads\/Futschek_Gerald-150x150.jpg\" alt=\"\" width=\"150\" height=\"150\" srcset=\"https:\/\/projects.ifs.tuwien.ac.at\/start-informatik\/wp-content\/uploads\/Futschek_Gerald-150x150.jpg 150w, https:\/\/projects.ifs.tuwien.ac.at\/start-informatik\/wp-content\/uploads\/Futschek_Gerald-100x100.jpg 100w\" sizes=\"auto, (max-width: 150px) 100vw, 150px\" \/><\/td>\n<td><a href=\"https:\/\/tiss.tuwien.ac.at\/adressbuch\/adressbuch\/person\/154644\">Ao.Univ.Prof. Dipl.-Ing. Dr.techn. Gerald Futschek<\/a><\/p>\n<p>Projektleitung<\/td>\n<\/tr>\n<tr>\n<td><img loading=\"lazy\" decoding=\"async\" class=\"alignnone size-thumbnail wp-image-240\" src=\"http:\/\/start.informatik.tuwien.ac.at\/wp-content\/uploads\/Kappel_Gertrude-150x150.jpg\" alt=\"\" width=\"150\" height=\"150\" srcset=\"https:\/\/projects.ifs.tuwien.ac.at\/start-informatik\/wp-content\/uploads\/Kappel_Gertrude-150x150.jpg 150w, https:\/\/projects.ifs.tuwien.ac.at\/start-informatik\/wp-content\/uploads\/Kappel_Gertrude-100x100.jpg 100w\" sizes=\"auto, (max-width: 150px) 100vw, 150px\" \/><\/td>\n<td><a href=\"https:\/\/tiss.tuwien.ac.at\/person\/147972.html?suchtext=kappel\">O.Univ.Prof. Dipl.-Ing. Mag. Dr.techn.Gerti Kappel<\/a><\/p>\n<p>Projektleitung<\/td>\n<\/tr>\n<tr>\n<td><img loading=\"lazy\" decoding=\"async\" class=\"alignnone size-thumbnail wp-image-232\" src=\"http:\/\/start.informatik.tuwien.ac.at\/wp-content\/uploads\/Woltran_Stefan-150x150.jpg\" alt=\"\" width=\"150\" height=\"150\" srcset=\"https:\/\/projects.ifs.tuwien.ac.at\/start-informatik\/wp-content\/uploads\/Woltran_Stefan-150x150.jpg 150w, https:\/\/projects.ifs.tuwien.ac.at\/start-informatik\/wp-content\/uploads\/Woltran_Stefan-300x300.jpg 300w, https:\/\/projects.ifs.tuwien.ac.at\/start-informatik\/wp-content\/uploads\/Woltran_Stefan-100x100.jpg 100w, https:\/\/projects.ifs.tuwien.ac.at\/start-informatik\/wp-content\/uploads\/Woltran_Stefan.jpg 600w\" sizes=\"auto, (max-width: 150px) 100vw, 150px\" \/><\/td>\n<td><a href=\"https:\/\/tiss.tuwien.ac.at\/person\/52478.html\">Univ.Prof. Dipl.-Ing. Dr.techn Stefan Woltran<\/a><\/p>\n<p>Stv. Projektleitung<\/td>\n<\/tr>\n<\/tbody>\n<\/table>\n<h1>Projektteam<\/h1>\n<table>\n<tbody>\n<tr>\n<td><a href=\"https:\/\/tiss.tuwien.ac.at\/illustration\/vorschau_anzeigen\/b943c0c8508c.png?v1\"><img loading=\"lazy\" decoding=\"async\" class=\"alignnone size-thumbnail wp-image-249\" src=\"http:\/\/start.informatik.tuwien.ac.at\/wp-content\/uploads\/Standl_Bernhard-150x150.jpg\" alt=\"\" width=\"150\" height=\"150\" srcset=\"https:\/\/projects.ifs.tuwien.ac.at\/start-informatik\/wp-content\/uploads\/Standl_Bernhard-150x150.jpg 150w, https:\/\/projects.ifs.tuwien.ac.at\/start-informatik\/wp-content\/uploads\/Standl_Bernhard-300x300.jpg 300w, https:\/\/projects.ifs.tuwien.ac.at\/start-informatik\/wp-content\/uploads\/Standl_Bernhard-100x100.jpg 100w, https:\/\/projects.ifs.tuwien.ac.at\/start-informatik\/wp-content\/uploads\/Standl_Bernhard.jpg 512w\" sizes=\"auto, (max-width: 150px) 100vw, 150px\" \/><\/a><\/td>\n<td><a href=\"https:\/\/www.ph-karlsruhe.de\/personen\/detail\/Bernhard_Standl_137\">Univ.Ass. Mag. Dr.techn. Bernhard Standl<\/a><\/td>\n<\/tr>\n<tr>\n<td><a href=\"https:\/\/tiss.tuwien.ac.at\/illustration\/vorschau_anzeigen\/fa81dd59e661.png?v1\"><img loading=\"lazy\" decoding=\"async\" class=\"alignnone size-full wp-image-246\" src=\"http:\/\/start.informatik.tuwien.ac.at\/wp-content\/uploads\/Wetzinger_Elisabeth.png\" alt=\"\" width=\"150\" height=\"150\" srcset=\"https:\/\/projects.ifs.tuwien.ac.at\/start-informatik\/wp-content\/uploads\/Wetzinger_Elisabeth.png 150w, https:\/\/projects.ifs.tuwien.ac.at\/start-informatik\/wp-content\/uploads\/Wetzinger_Elisabeth-100x100.png 100w\" sizes=\"auto, (max-width: 150px) 100vw, 150px\" \/><\/a><\/td>\n<td><a href=\"https:\/\/www.researchgate.net\/profile\/Elisabeth-Wetzinger\">Univ.Ass. Dipl.-Ing. Mag. Elisabeth Wetzinger<\/a><\/td>\n<\/tr>\n<tr>\n<td><img loading=\"lazy\" decoding=\"async\" class=\"alignnone size-thumbnail wp-image-243\" src=\"http:\/\/start.informatik.tuwien.ac.at\/wp-content\/uploads\/Wang-Sukalia_Xi-150x150.jpg\" alt=\"\" width=\"150\" height=\"150\" srcset=\"https:\/\/projects.ifs.tuwien.ac.at\/start-informatik\/wp-content\/uploads\/Wang-Sukalia_Xi-150x150.jpg 150w, https:\/\/projects.ifs.tuwien.ac.at\/start-informatik\/wp-content\/uploads\/Wang-Sukalia_Xi-100x100.jpg 100w, https:\/\/projects.ifs.tuwien.ac.at\/start-informatik\/wp-content\/uploads\/Wang-Sukalia_Xi.jpg 200w\" sizes=\"auto, (max-width: 150px) 100vw, 150px\" \/><\/td>\n<td><a href=\"https:\/\/tiss.tuwien.ac.at\/person\/253667.html?suchtext=wang\">Stud.Ass. Xi Wang BSc.<\/a><br \/>\n(MOOC)<\/td>\n<\/tr>\n<\/tbody>\n<\/table>\n<h1>Beirat<\/h1>\n<table>\n<tbody>\n<tr>\n<td><img loading=\"lazy\" decoding=\"async\" class=\"alignnone size-full wp-image-255\" src=\"http:\/\/start.informatik.tuwien.ac.at\/wp-content\/uploads\/head-empty_150.png\" alt=\"\" width=\"150\" height=\"150\" srcset=\"https:\/\/projects.ifs.tuwien.ac.at\/start-informatik\/wp-content\/uploads\/head-empty_150.png 150w, https:\/\/projects.ifs.tuwien.ac.at\/start-informatik\/wp-content\/uploads\/head-empty_150-100x100.png 100w\" sizes=\"auto, (max-width: 150px) 100vw, 150px\" \/><\/td>\n<td>Univ.Prof. Dipl.-Ing. Dr.techn. Hannes Werthner<\/p>\n<p>Dekan der Fakult\u00e4t f\u00fcr Informatik<\/td>\n<\/tr>\n<tr>\n<td><img loading=\"lazy\" decoding=\"async\" class=\"alignnone size-full wp-image-255\" src=\"http:\/\/start.informatik.tuwien.ac.at\/wp-content\/uploads\/head-empty_150.png\" alt=\"\" width=\"150\" height=\"150\" srcset=\"https:\/\/projects.ifs.tuwien.ac.at\/start-informatik\/wp-content\/uploads\/head-empty_150.png 150w, https:\/\/projects.ifs.tuwien.ac.at\/start-informatik\/wp-content\/uploads\/head-empty_150-100x100.png 100w\" sizes=\"auto, (max-width: 150px) 100vw, 150px\" \/><\/td>\n<td>Ao.Univ.Prof. Dipl.-Ing. Dr.rer.nat. Uwe Egly<\/p>\n<p>Dekansteam der Fakult\u00e4t f\u00fcr Informatik<\/td>\n<\/tr>\n<tr>\n<td><img loading=\"lazy\" decoding=\"async\" class=\"alignnone size-full wp-image-255\" src=\"http:\/\/start.informatik.tuwien.ac.at\/wp-content\/uploads\/head-empty_150.png\" alt=\"\" width=\"150\" height=\"150\" srcset=\"https:\/\/projects.ifs.tuwien.ac.at\/start-informatik\/wp-content\/uploads\/head-empty_150.png 150w, https:\/\/projects.ifs.tuwien.ac.at\/start-informatik\/wp-content\/uploads\/head-empty_150-100x100.png 100w\" sizes=\"auto, (max-width: 150px) 100vw, 150px\" \/><\/td>\n<td>Associate Prof. Dipl.-Ing. Dr.techn. Hilda Tellioglu<\/p>\n<p>Studiendekanin f\u00fcr Informatik<\/td>\n<\/tr>\n<tr>\n<td><img loading=\"lazy\" decoding=\"async\" class=\"alignnone size-full wp-image-255\" src=\"http:\/\/start.informatik.tuwien.ac.at\/wp-content\/uploads\/head-empty_150.png\" alt=\"\" width=\"150\" height=\"150\" srcset=\"https:\/\/projects.ifs.tuwien.ac.at\/start-informatik\/wp-content\/uploads\/head-empty_150.png 150w, https:\/\/projects.ifs.tuwien.ac.at\/start-informatik\/wp-content\/uploads\/head-empty_150-100x100.png 100w\" sizes=\"auto, (max-width: 150px) 100vw, 150px\" \/><\/td>\n<td>Ao.Univ.Prof. Dipl.-Ing. Dr.techn. Wolfgang Kastner<\/p>\n<p>Vizestudiendekan f\u00fcr Informatik Bachelor<\/td>\n<\/tr>\n<tr>\n<td><img loading=\"lazy\" decoding=\"async\" class=\"alignnone size-full wp-image-255\" src=\"http:\/\/start.informatik.tuwien.ac.at\/wp-content\/uploads\/head-empty_150.png\" alt=\"\" width=\"150\" height=\"150\" srcset=\"https:\/\/projects.ifs.tuwien.ac.at\/start-informatik\/wp-content\/uploads\/head-empty_150.png 150w, https:\/\/projects.ifs.tuwien.ac.at\/start-informatik\/wp-content\/uploads\/head-empty_150-100x100.png 100w\" sizes=\"auto, (max-width: 150px) 100vw, 150px\" \/><\/td>\n<td>Ao.Univ.Prof. Mag.rer.soc.oec. Dr.rer.soc.oec. Christian Huemer<\/p>\n<p>Studiendekan f\u00fcr Wirtschaftsinformatik<\/td>\n<\/tr>\n<tr>\n<td><img loading=\"lazy\" decoding=\"async\" class=\"alignnone size-full wp-image-255\" src=\"http:\/\/start.informatik.tuwien.ac.at\/wp-content\/uploads\/head-empty_150.png\" alt=\"\" width=\"150\" height=\"150\" srcset=\"https:\/\/projects.ifs.tuwien.ac.at\/start-informatik\/wp-content\/uploads\/head-empty_150.png 150w, https:\/\/projects.ifs.tuwien.ac.at\/start-informatik\/wp-content\/uploads\/head-empty_150-100x100.png 100w\" sizes=\"auto, (max-width: 150px) 100vw, 150px\" \/><\/td>\n<td>Ao.Univ.Prof. Dipl.-Ing. Dr.techn. Gernot Salzer<\/p>\n<p>Vizestudiendekan f\u00fcr Wirtschaftsinformatik<\/td>\n<\/tr>\n<tr>\n<td><img loading=\"lazy\" decoding=\"async\" class=\"alignnone size-full wp-image-255\" src=\"http:\/\/start.informatik.tuwien.ac.at\/wp-content\/uploads\/head-empty_150.png\" alt=\"\" width=\"150\" height=\"150\" srcset=\"https:\/\/projects.ifs.tuwien.ac.at\/start-informatik\/wp-content\/uploads\/head-empty_150.png 150w, https:\/\/projects.ifs.tuwien.ac.at\/start-informatik\/wp-content\/uploads\/head-empty_150-100x100.png 100w\" sizes=\"auto, (max-width: 150px) 100vw, 150px\" \/><\/td>\n<td>Ao.Univ.Prof. Mag.rer.soc.oec. Dr.phil. Margit Pohl<\/td>\n<\/tr>\n<tr>\n<td><img loading=\"lazy\" decoding=\"async\" class=\"alignnone size-full wp-image-255\" src=\"http:\/\/start.informatik.tuwien.ac.at\/wp-content\/uploads\/head-empty_150.png\" alt=\"\" width=\"150\" height=\"150\" srcset=\"https:\/\/projects.ifs.tuwien.ac.at\/start-informatik\/wp-content\/uploads\/head-empty_150.png 150w, https:\/\/projects.ifs.tuwien.ac.at\/start-informatik\/wp-content\/uploads\/head-empty_150-100x100.png 100w\" sizes=\"auto, (max-width: 150px) 100vw, 150px\" \/><\/td>\n<td>Univ.Prof. Mag.rer.soc.oec. Dr.rer.soc.oec. Sabine Theresia K\u00f6szegi<\/td>\n<\/tr>\n<tr>\n<td><img loading=\"lazy\" decoding=\"async\" class=\"alignnone size-full wp-image-255\" src=\"http:\/\/start.informatik.tuwien.ac.at\/wp-content\/uploads\/head-empty_150.png\" alt=\"\" width=\"150\" height=\"150\" srcset=\"https:\/\/projects.ifs.tuwien.ac.at\/start-informatik\/wp-content\/uploads\/head-empty_150.png 150w, https:\/\/projects.ifs.tuwien.ac.at\/start-informatik\/wp-content\/uploads\/head-empty_150-100x100.png 100w\" sizes=\"auto, (max-width: 150px) 100vw, 150px\" \/><\/td>\n<td>Ao.Univ.Prof. Dipl.-Ing. Dr.techn. Andreas Steininger<\/p>\n<p>Leitung PhD School of Informatics<\/td>\n<\/tr>\n<tr>\n<td><img loading=\"lazy\" decoding=\"async\" class=\"alignnone size-full wp-image-255\" src=\"http:\/\/start.informatik.tuwien.ac.at\/wp-content\/uploads\/head-empty_150.png\" alt=\"\" width=\"150\" height=\"150\" srcset=\"https:\/\/projects.ifs.tuwien.ac.at\/start-informatik\/wp-content\/uploads\/head-empty_150.png 150w, https:\/\/projects.ifs.tuwien.ac.at\/start-informatik\/wp-content\/uploads\/head-empty_150-100x100.png 100w\" sizes=\"auto, (max-width: 150px) 100vw, 150px\" \/><\/td>\n<td>Univ.Prof. Mag.rer.soc.oec. Dr.rer.soc.oec. Silvia Miksch<\/td>\n<\/tr>\n<\/tbody>\n<\/table>\n","protected":false},"excerpt":{"rendered":"<p>Projektleitung Ao.Univ.Prof. Dipl.-Ing. Dr.techn. Gerald Futschek Projektleitung O.Univ.Prof. Dipl.-Ing. Mag. Dr.techn.Gerti Kappel Projektleitung Univ.Prof. Dipl.-Ing. Dr.techn Stefan Woltran Stv. Projektleitung Projektteam Univ.Ass. Mag. Dr.techn. Bernhard Standl Univ.Ass. Dipl.-Ing. Mag. Elisabeth Wetzinger Stud.Ass. Xi Wang BSc. (MOOC) Beirat Univ.Prof. Dipl.-Ing. Dr.techn. Hannes Werthner Dekan der Fakult\u00e4t f\u00fcr Informatik Ao.Univ.Prof. Dipl.-Ing. Dr.rer.nat. Uwe Egly Dekansteam der Fakult\u00e4t &hellip; <\/p>\n<p class=\"link-more\"><a href=\"https:\/\/projects.ifs.tuwien.ac.at\/start-informatik\/index.php\/team\/\" class=\"more-link\">Continue reading<span class=\"screen-reader-text\"> &#8220;Team&#8221;<\/span><\/a><\/p>\n","protected":false},"author":1,"featured_media":0,"parent":0,"menu_order":0,"comment_status":"closed","ping_status":"closed","template":"","meta":{"footnotes":""},"class_list":["post-68","page","type-page","status-publish","hentry"],"_links":{"self":[{"href":"https:\/\/projects.ifs.tuwien.ac.at\/start-informatik\/index.php\/wp-json\/wp\/v2\/pages\/68","targetHints":{"allow":["GET"]}}],"collection":[{"href":"https:\/\/projects.ifs.tuwien.ac.at\/start-informatik\/index.php\/wp-json\/wp\/v2\/pages"}],"about":[{"href":"https:\/\/projects.ifs.tuwien.ac.at\/start-informatik\/index.php\/wp-json\/wp\/v2\/types\/page"}],"author":[{"embeddable":true,"href":"https:\/\/projects.ifs.tuwien.ac.at\/start-informatik\/index.php\/wp-json\/wp\/v2\/users\/1"}],"replies":[{"embeddable":true,"href":"https:\/\/projects.ifs.tuwien.ac.at\/start-informatik\/index.php\/wp-json\/wp\/v2\/comments?post=68"}],"version-history":[{"count":30,"href":"https:\/\/projects.ifs.tuwien.ac.at\/start-informatik\/index.php\/wp-json\/wp\/v2\/pages\/68\/revisions"}],"predecessor-version":[{"id":257,"href":"https:\/\/projects.ifs.tuwien.ac.at\/start-informatik\/index.php\/wp-json\/wp\/v2\/pages\/68\/revisions\/257"}],"wp:attachment":[{"href":"https:\/\/projects.ifs.tuwien.ac.at\/start-informatik\/index.php\/wp-json\/wp\/v2\/media?parent=68"}],"curies":[{"name":"wp","href":"https:\/\/api.w.org\/{rel}","templated":true}]}}