{"id":45,"date":"2017-10-14T21:15:59","date_gmt":"2017-10-14T19:15:59","guid":{"rendered":"http:\/\/survey.isis.tuwien.ac.at\/start_informatik\/?page_id=45"},"modified":"2018-05-02T10:58:42","modified_gmt":"2018-05-02T08:58:42","slug":"downloads","status":"publish","type":"page","link":"https:\/\/projects.ifs.tuwien.ac.at\/start-informatik\/index.php\/__trashed\/downloads\/","title":{"rendered":"Downloads"},"content":{"rendered":"<h1>Forschung<\/h1>\n<p><strong>Frageb\u00f6gen<\/strong><\/p>\n<ul>\n<li><a href=\"http:\/\/start.informatik.tuwien.ac.at\/wp-content\/uploads\/surveypdf\/w2016.pdf\">Oktober 2016<\/a><\/li>\n<li><a href=\"https:\/\/start.informatik.tuwien.ac.at\/wp-content\/uploads\/surveypdf\/s2017.pdf\">M\u00e4rz 2017<\/a><\/li>\n<li><a href=\"https:\/\/start.informatik.tuwien.ac.at\/wp-content\/uploads\/surveypdf\/w2017.pdf\">Oktober 2017<\/a><\/li>\n<li><a href=\"https:\/\/start.informatik.tuwien.ac.at\/wp-content\/uploads\/surveypdf\/s2018.pdf\">M\u00e4rz 2018<\/a><\/li>\n<\/ul>\n","protected":false},"excerpt":{"rendered":"<p>Forschung Frageb\u00f6gen Oktober 2016 M\u00e4rz 2017 Oktober 2017 M\u00e4rz 2018<\/p>\n","protected":false},"author":1,"featured_media":0,"parent":12,"menu_order":0,"comment_status":"closed","ping_status":"closed","template":"","meta":{"footnotes":""},"class_list":["post-45","page","type-page","status-publish","hentry"],"_links":{"self":[{"href":"https:\/\/projects.ifs.tuwien.ac.at\/start-informatik\/index.php\/wp-json\/wp\/v2\/pages\/45","targetHints":{"allow":["GET"]}}],"collection":[{"href":"https:\/\/projects.ifs.tuwien.ac.at\/start-informatik\/index.php\/wp-json\/wp\/v2\/pages"}],"about":[{"href":"https:\/\/projects.ifs.tuwien.ac.at\/start-informatik\/index.php\/wp-json\/wp\/v2\/types\/page"}],"author":[{"embeddable":true,"href":"https:\/\/projects.ifs.tuwien.ac.at\/start-informatik\/index.php\/wp-json\/wp\/v2\/users\/1"}],"replies":[{"embeddable":true,"href":"https:\/\/projects.ifs.tuwien.ac.at\/start-informatik\/index.php\/wp-json\/wp\/v2\/comments?post=45"}],"version-history":[{"count":4,"href":"https:\/\/projects.ifs.tuwien.ac.at\/start-informatik\/index.php\/wp-json\/wp\/v2\/pages\/45\/revisions"}],"predecessor-version":[{"id":209,"href":"https:\/\/projects.ifs.tuwien.ac.at\/start-informatik\/index.php\/wp-json\/wp\/v2\/pages\/45\/revisions\/209"}],"up":[{"embeddable":true,"href":"https:\/\/projects.ifs.tuwien.ac.at\/start-informatik\/index.php\/wp-json\/wp\/v2\/pages\/12"}],"wp:attachment":[{"href":"https:\/\/projects.ifs.tuwien.ac.at\/start-informatik\/index.php\/wp-json\/wp\/v2\/media?parent=45"}],"curies":[{"name":"wp","href":"https:\/\/api.w.org\/{rel}","templated":true}]}}