{"id":35,"date":"2017-12-18T17:12:06","date_gmt":"2017-12-18T15:12:06","guid":{"rendered":"http:\/\/survey.isis.tuwien.ac.at\/start_informatik\/?page_id=35"},"modified":"2018-11-29T15:11:33","modified_gmt":"2018-11-29T13:11:33","slug":"einfuhrung-in-programmieren-mooc","status":"publish","type":"page","link":"https:\/\/projects.ifs.tuwien.ac.at\/start-informatik\/index.php\/projekt\/einfuhrung-in-programmieren-mooc\/","title":{"rendered":"MOOC &#8220;Programmieren mit Processing&#8221;"},"content":{"rendered":"<p>An der\u00a0<a href=\"http:\/\/www.informatik.tuwien.ac.at\/\" target=\"_blank\" rel=\"noopener\">Fakult\u00e4t f\u00fcr Informatik<\/a><a href=\"https:\/\/freihaus.tuwien.ac.at\/moocs\/#_ftn1\" name=\"_ftnref1\"><\/a>\u00a0herrscht eine gro\u00dfe Heterogenit\u00e4t der Studierenden in Bezug auf deren Bildungsvoraussetzungen, besonders hinsichtlich der Programmier-Vorkenntnisse. Gerade im ersten Studienjahr der Studienrichtungen Informatik bzw. Wirtschaftsinformatik bedeutet dies f\u00fcr die Studierenden einen intensiven und anspruchsvollen Einstieg in das Programmieren, ist es doch Grundlage, Inhalt und Werkzeug f\u00fcr viele Lehrveranstaltungen im weiteren Studium. Das Erlernen bzw. \u00dcben des Programmierens braucht Zeit und eine selbstbewusste und aufgeschlossene Herangehensweise.<\/p>\n<p>Zus\u00e4tzlich zu den bereits existierenden und \u00e4u\u00dferst erfolgreichen Angeboten zur Angleichung der unterschiedlichen Kompetenzlevels der angehenden Erstsemestrigen &#8211; dem Br\u00fcckenkurs Programmieren und dem PROLOG &#8211; wurde die Idee eines offenen, einfach zug\u00e4nglichen und kostenlosen Kurses als ideal f\u00fcr alle Interessierten mit Studienplatzzusage gesehen.\u00a0\u00a0Besonderer Fokus lag dabei auf jenen mit wenig bis keiner Programmiererfahrung, und jenen, die etwa aus Kapazit\u00e4ts- oder Zeitgr\u00fcnden nicht an Prolog oder Br\u00fcckenkurs teilnehmen k\u00f6nnen. Dadurch sollte ein orts- und zeitunabh\u00e4ngiges Erarbeiten der Inhalte im individuellen Lerntempo erm\u00f6glicht und die Vernetzung der angehenden Studierenden bereits vor Studienbeginn unterst\u00fctzt werden. Diese Anforderungen lassen sich mittels eines sogenannten MOOC (massive open online course) erf\u00fcllen, einem frei zug\u00e4nglichen Online-Kurs mit unbegrenzter Teilnehmer_innenzahl.<\/p>\n<p>&#8220;Programmieren mit Processing&#8221; wird durch ein interdisziplin\u00e4res Team mit Expertise in verschiedenen Schwerpunkten der Informatik, Programmierung und Fachdidaktik sowie Erfahrung in Wissenschaft, Forschung und Lehre an der Fakult\u00e4t f\u00fcr Informatik der TU Wien entwickelt und beinhaltet eine Einf\u00fchrung in das Programmieren. In enger Zusammenarbeit mit den Lehrenden und Tutor_innen der Programmier-Lehrveranstaltung und Fachdidaktik-Expert_innen wurden zun\u00e4chst der Umfang, die Ziele und die Konzepte f\u00fcr die einzelnen Kapitel des MOOC entwickelt. Es wird in der Programmiersprache\u00a0<em>Processing\u00a0<\/em>gearbeitet, die einen Schwerpunkt auf die Programmierung von Grafiken, Animationen und Benutzerinteraktionen erm\u00f6glicht und \u00a0so einen niederschwelligen und kreativen Einstieg ins Programmieren und schnelle, sichtbare Erfolge erm\u00f6glicht. Vorteilhaft ist auch, dass Processing auf JAVA basiert, das im ersten Studienjahr verwendet.<\/p>\n","protected":false},"excerpt":{"rendered":"<p>An der\u00a0Fakult\u00e4t f\u00fcr Informatik\u00a0herrscht eine gro\u00dfe Heterogenit\u00e4t der Studierenden in Bezug auf deren Bildungsvoraussetzungen, besonders hinsichtlich der Programmier-Vorkenntnisse. Gerade im ersten Studienjahr der Studienrichtungen Informatik bzw. Wirtschaftsinformatik bedeutet dies f\u00fcr die Studierenden einen intensiven und anspruchsvollen Einstieg in das Programmieren, ist es doch Grundlage, Inhalt und Werkzeug f\u00fcr viele Lehrveranstaltungen im weiteren Studium. Das Erlernen &hellip; <\/p>\n<p class=\"link-more\"><a href=\"https:\/\/projects.ifs.tuwien.ac.at\/start-informatik\/index.php\/projekt\/einfuhrung-in-programmieren-mooc\/\" class=\"more-link\">Continue reading<span class=\"screen-reader-text\"> &#8220;MOOC &#8220;Programmieren mit Processing&#8221;&#8221;<\/span><\/a><\/p>\n","protected":false},"author":1,"featured_media":0,"parent":10,"menu_order":0,"comment_status":"closed","ping_status":"closed","template":"","meta":{"footnotes":""},"class_list":["post-35","page","type-page","status-publish","hentry"],"_links":{"self":[{"href":"https:\/\/projects.ifs.tuwien.ac.at\/start-informatik\/index.php\/wp-json\/wp\/v2\/pages\/35","targetHints":{"allow":["GET"]}}],"collection":[{"href":"https:\/\/projects.ifs.tuwien.ac.at\/start-informatik\/index.php\/wp-json\/wp\/v2\/pages"}],"about":[{"href":"https:\/\/projects.ifs.tuwien.ac.at\/start-informatik\/index.php\/wp-json\/wp\/v2\/types\/page"}],"author":[{"embeddable":true,"href":"https:\/\/projects.ifs.tuwien.ac.at\/start-informatik\/index.php\/wp-json\/wp\/v2\/users\/1"}],"replies":[{"embeddable":true,"href":"https:\/\/projects.ifs.tuwien.ac.at\/start-informatik\/index.php\/wp-json\/wp\/v2\/comments?post=35"}],"version-history":[{"count":8,"href":"https:\/\/projects.ifs.tuwien.ac.at\/start-informatik\/index.php\/wp-json\/wp\/v2\/pages\/35\/revisions"}],"predecessor-version":[{"id":226,"href":"https:\/\/projects.ifs.tuwien.ac.at\/start-informatik\/index.php\/wp-json\/wp\/v2\/pages\/35\/revisions\/226"}],"up":[{"embeddable":true,"href":"https:\/\/projects.ifs.tuwien.ac.at\/start-informatik\/index.php\/wp-json\/wp\/v2\/pages\/10"}],"wp:attachment":[{"href":"https:\/\/projects.ifs.tuwien.ac.at\/start-informatik\/index.php\/wp-json\/wp\/v2\/media?parent=35"}],"curies":[{"name":"wp","href":"https:\/\/api.w.org\/{rel}","templated":true}]}}