{"id":152,"date":"2018-01-22T14:36:49","date_gmt":"2018-01-22T12:36:49","guid":{"rendered":"http:\/\/survey.isis.tuwien.ac.at\/start_informatik\/?page_id=152"},"modified":"2018-01-22T14:37:06","modified_gmt":"2018-01-22T12:37:06","slug":"schnittstelle-schule","status":"publish","type":"page","link":"https:\/\/projects.ifs.tuwien.ac.at\/start-informatik\/index.php\/projekt\/schnittstelle-schule\/","title":{"rendered":"Schnittstelle Schule"},"content":{"rendered":"<p><span style=\"font-size: 1rem;\">Neben unseren Aktivit\u00e4ten mit einem Fokus auf das erste Studienjahr, ist uns auch der \u00dcbergang von Schule auf die Hochschule ein Anliegen. Im gesellschaftlichen und schulischen Vorfeld zum Studium Informatik setzen wir uns zum Ziel die Attraktivit\u00e4t, Motivation, Information zum Studium anzuheben.<\/span><\/p>\n<p>Diese Ma\u00dfnahmen beinhalten die F\u00f6rderung von Kontakten zu Schulen und die Verbesserung des Angebots f\u00fcr Sch\u00fclerinnen und Sch\u00fcler an unserer Universit\u00e4t mit einer sch\u00fclergerechten Aktiv-Ausstellung zu den Themen der Informatik.<\/p>\n","protected":false},"excerpt":{"rendered":"<p>Neben unseren Aktivit\u00e4ten mit einem Fokus auf das erste Studienjahr, ist uns auch der \u00dcbergang von Schule auf die Hochschule ein Anliegen. Im gesellschaftlichen und schulischen Vorfeld zum Studium Informatik setzen wir uns zum Ziel die Attraktivit\u00e4t, Motivation, Information zum Studium anzuheben. Diese Ma\u00dfnahmen beinhalten die F\u00f6rderung von Kontakten zu Schulen und die Verbesserung des &hellip; <\/p>\n<p class=\"link-more\"><a href=\"https:\/\/projects.ifs.tuwien.ac.at\/start-informatik\/index.php\/projekt\/schnittstelle-schule\/\" class=\"more-link\">Continue reading<span class=\"screen-reader-text\"> &#8220;Schnittstelle Schule&#8221;<\/span><\/a><\/p>\n","protected":false},"author":1,"featured_media":0,"parent":10,"menu_order":0,"comment_status":"closed","ping_status":"closed","template":"","meta":{"footnotes":""},"class_list":["post-152","page","type-page","status-publish","hentry"],"_links":{"self":[{"href":"https:\/\/projects.ifs.tuwien.ac.at\/start-informatik\/index.php\/wp-json\/wp\/v2\/pages\/152","targetHints":{"allow":["GET"]}}],"collection":[{"href":"https:\/\/projects.ifs.tuwien.ac.at\/start-informatik\/index.php\/wp-json\/wp\/v2\/pages"}],"about":[{"href":"https:\/\/projects.ifs.tuwien.ac.at\/start-informatik\/index.php\/wp-json\/wp\/v2\/types\/page"}],"author":[{"embeddable":true,"href":"https:\/\/projects.ifs.tuwien.ac.at\/start-informatik\/index.php\/wp-json\/wp\/v2\/users\/1"}],"replies":[{"embeddable":true,"href":"https:\/\/projects.ifs.tuwien.ac.at\/start-informatik\/index.php\/wp-json\/wp\/v2\/comments?post=152"}],"version-history":[{"count":1,"href":"https:\/\/projects.ifs.tuwien.ac.at\/start-informatik\/index.php\/wp-json\/wp\/v2\/pages\/152\/revisions"}],"predecessor-version":[{"id":154,"href":"https:\/\/projects.ifs.tuwien.ac.at\/start-informatik\/index.php\/wp-json\/wp\/v2\/pages\/152\/revisions\/154"}],"up":[{"embeddable":true,"href":"https:\/\/projects.ifs.tuwien.ac.at\/start-informatik\/index.php\/wp-json\/wp\/v2\/pages\/10"}],"wp:attachment":[{"href":"https:\/\/projects.ifs.tuwien.ac.at\/start-informatik\/index.php\/wp-json\/wp\/v2\/media?parent=152"}],"curies":[{"name":"wp","href":"https:\/\/api.w.org\/{rel}","templated":true}]}}